{"id":1645,"date":"2021-05-28T15:16:06","date_gmt":"2021-05-28T15:16:06","guid":{"rendered":"https:\/\/urbanicathehotels.org\/?page_id=1645"},"modified":"2021-10-21T14:21:26","modified_gmt":"2021-10-21T14:21:26","slug":"terms-of-use","status":"publish","type":"page","link":"https:\/\/urbanicahotels.com\/es\/terms-of-use\/","title":{"rendered":"CONDICIONES DE USO"},"content":{"rendered":"<div data-elementor-type=\"wp-page\" data-elementor-id=\"1645\" class=\"elementor elementor-1645\" data-elementor-post-type=\"page\">\n\t\t\t\t\t\t<section class=\"elementor-section elementor-top-section elementor-element elementor-element-b39e5da elementor-section-full_width elementor-section-height-default elementor-section-height-default\" data-id=\"b39e5da\" data-element_type=\"section\">\n\t\t\t\t\t\t<div class=\"elementor-container elementor-column-gap-default\">\n\t\t\t\t\t<div class=\"elementor-column elementor-col-100 elementor-top-column elementor-element elementor-element-d5d2eb8\" data-id=\"d5d2eb8\" data-element_type=\"column\" data-settings=\"{&quot;background_background&quot;:&quot;classic&quot;}\">\n\t\t\t<div class=\"elementor-widget-wrap elementor-element-populated\">\n\t\t\t\t\t\t<div class=\"elementor-element elementor-element-63ec0a2 elementor-widget elementor-widget-heading\" data-id=\"63ec0a2\" data-element_type=\"widget\" data-widget_type=\"heading.default\">\n\t\t\t\t<div class=\"elementor-widget-container\">\n\t\t\t\t\t<h3 class=\"elementor-heading-title elementor-size-default\">T\u00c9RMINOS DE USO<\/h3>\t\t\t\t<\/div>\n\t\t\t\t<\/div>\n\t\t\t\t<div class=\"elementor-element elementor-element-adad9fc elementor-widget elementor-widget-text-editor\" data-id=\"adad9fc\" data-element_type=\"widget\" data-widget_type=\"text-editor.default\">\n\t\t\t\t<div class=\"elementor-widget-container\">\n\t\t\t\t\t\t\t\t\t<p><strong>T\u00c9RMINOS Y CONDICIONES<\/strong><\/p><p>\u00daltima actualizaci\u00f3n: 28 de septiembre de 2021<\/p><p>Por favor, lea estos t\u00e9rminos y condiciones cuidadosamente antes de utilizar nuestro sitio web.<\/p><p><strong>Reconocimiento<\/strong><\/p><p>Estos son los T\u00e9rminos y Condiciones que rigen el uso de este sitio web y el acuerdo que opera entre usted y Urbanica Management LLC. Estos T\u00e9rminos y Condiciones establecen los derechos y obligaciones de todos los usuarios con respecto al uso de este sitio web.<\/p><p>Su acceso y uso de este sitio web est\u00e1 condicionado a su aceptaci\u00f3n y cumplimiento de estos T\u00e9rminos y Condiciones. Estos T\u00e9rminos y Condiciones se aplican a todos los visitantes, usuarios y otras personas que acceden o utilizan este sitio web.<\/p><p>Al acceder o utilizar este sitio web, acepta quedar obligado por estos T\u00e9rminos y Condiciones. Si no est\u00e1 de acuerdo con alguna parte de estos T\u00e9rminos y Condiciones, no puede acceder al sitio web.<\/p><p>Usted declara que tiene m\u00e1s de 18 a\u00f1os. La Compa\u00f1\u00eda no permite que menores de 18 a\u00f1os utilicen este sitio web.<\/p><p>Su acceso y uso de este sitio web tambi\u00e9n est\u00e1 condicionado a su aceptaci\u00f3n y cumplimiento de la Pol\u00edtica de Privacidad de la Compa\u00f1\u00eda. Nuestra Pol\u00edtica de Privacidad describe nuestras pol\u00edticas y procedimientos sobre la recopilaci\u00f3n, uso y divulgaci\u00f3n de su informaci\u00f3n personal cuando utiliza la aplicaci\u00f3n o el sitio web, y le informa sobre sus derechos de privacidad y c\u00f3mo la ley lo protege. Por favor, lea nuestra Pol\u00edtica de Privacidad cuidadosamente antes de utilizar nuestro sitio web.<\/p><p><strong>Enlaces a otros sitios web<\/strong><\/p><p>Nuestro sitio web puede contener enlaces a sitios web o servicios de terceros que no son propiedad ni est\u00e1n controlados por nuestra Compa\u00f1\u00eda.<\/p><p>Urbanica Management LLC no tiene control sobre el contenido, las pol\u00edticas de privacidad o las pr\u00e1cticas de ning\u00fan sitio web o servicio de terceros. Adem\u00e1s, reconoce y acepta que nuestra Compa\u00f1\u00eda no ser\u00e1 responsable ni tendr\u00e1 responsabilidad, directa o indirectamente, por cualquier da\u00f1o o p\u00e9rdida causada o supuestamente causada por o en conexi\u00f3n con el uso o la confianza en cualquier contenido, bienes o servicios disponibles en o a trav\u00e9s de dichos sitios web o servicios.<\/p><p>Le recomendamos enf\u00e1ticamente que lea los t\u00e9rminos y condiciones y las pol\u00edticas de privacidad de cualquier sitio web o servicio de terceros que visite.<\/p><p><strong>Terminaci\u00f3n<\/strong><\/p><p>Podemos terminar o suspender su acceso inmediatamente, sin previo aviso o responsabilidad, por cualquier motivo, incluyendo, sin limitaci\u00f3n, si incumple estos T\u00e9rminos y Condiciones.<\/p><p>Al finalizar, su derecho a utilizar este sitio web cesar\u00e1 inmediatamente.<\/p><p><strong>Limitaci\u00f3n de Responsabilidad<\/strong><\/p><p>A pesar de cualquier da\u00f1o que pueda sufrir, la responsabilidad total de nuestra Compa\u00f1\u00eda y de cualquiera de nuestros proveedores en virtud de cualquier disposici\u00f3n de estos T\u00e9rminos y su remedio exclusivo por todo lo anterior se limitar\u00e1 a la cantidad realmente pagada por usted a trav\u00e9s del Servicio o 100 USD si no ha comprado nada a trav\u00e9s del sitio web.<\/p><p>En la medida m\u00e1xima permitida por la ley aplicable, en ning\u00fan caso nuestra Compa\u00f1\u00eda o nuestros proveedores ser\u00e1n responsables de da\u00f1os especiales, incidentales, indirectos o consecuentes de ninguna \u00edndole (incluyendo, pero no limit\u00e1ndose a, da\u00f1os por p\u00e9rdida de beneficios, p\u00e9rdida de datos u otra informaci\u00f3n, interrupci\u00f3n del negocio, lesiones personales, p\u00e9rdida de privacidad que surjan de cualquier manera relacionados con el uso o la incapacidad de usar este sitio web, software de terceros y\/o hardware de terceros utilizados con este sitio web, o de cualquier otra manera en relaci\u00f3n con cualquier disposici\u00f3n de estos T\u00e9rminos), incluso si nuestra Compa\u00f1\u00eda o cualquier proveedor ha sido informado de la posibilidad de dichos da\u00f1os y aunque el remedio fracase en su prop\u00f3sito esencial<\/p><p>Algunos estados no permiten la exclusi\u00f3n de garant\u00edas impl\u00edcitas o la limitaci\u00f3n de responsabilidad por da\u00f1os incidentales o consecuentes, lo que significa que algunas de las limitaciones anteriores pueden no aplicarse. En estos estados, la responsabilidad de cada parte se limitar\u00e1 en la medida m\u00e1xima permitida por la ley.<\/p><p><strong>Descargo de responsabilidad \"TAL CUAL\" y \"SEG\u00daN DISPONIBILIDAD\"<\/strong><\/p><p>Este sitio web proporciona \"TAL CUAL\" y \"SEG\u00daN DISPONIBILIDAD\" y con todos los fallos y defectos sin garant\u00eda de ning\u00fan tipo. En la medida m\u00e1xima permitida por la ley aplicable, nuestra Compa\u00f1\u00eda, en su propio nombre y en nombre de sus afiliados y sus respectivos licenciantes y proveedores de servicios, renuncia expresamente a todas las garant\u00edas, ya sean expresas, impl\u00edcitas, estatutarias o de otro tipo, con respecto a este sitio web, incluyendo todas las garant\u00edas impl\u00edcitas de comercializaci\u00f3n, aptitud para un prop\u00f3sito particular, t\u00edtulo y no infracci\u00f3n, y garant\u00edas que puedan surgir de la pr\u00e1ctica comercial, el desempe\u00f1o, el uso o la pr\u00e1ctica comercial. Sin limitaci\u00f3n a lo anterior, nuestra Compa\u00f1\u00eda no ofrece ninguna garant\u00eda ni compromiso, y no hace ninguna representaci\u00f3n de ning\u00fan tipo de que este sitio web cumplir\u00e1 con sus requisitos, lograr\u00e1 cualquier resultado previsto, ser\u00e1 compatible o funcionar\u00e1 con cualquier otro software, aplicaciones, sistemas o servicios, operar\u00e1 sin interrupciones, cumplir\u00e1 con los est\u00e1ndares de desempe\u00f1o o confiabilidad o ser\u00e1 libre de errores o que cualquier error o defecto pueda o ser\u00e1 corregido.<\/p><p>Sin limitar lo anterior, ni nuestra Compa\u00f1\u00eda ni ninguno de los proveedores de nuestra compa\u00f1\u00eda ofrecen ninguna representaci\u00f3n o garant\u00eda de ning\u00fan tipo, expresa o impl\u00edcita: (i) en cuanto al funcionamiento o disponibilidad de este sitio web, o la informaci\u00f3n, contenido y materiales o productos incluidos en el mismo; (ii) que este sitio web ser\u00e1 ininterrumpido o libre de errores; (iii) en cuanto a la precisi\u00f3n, confiabilidad o actualidad de cualquier informaci\u00f3n o contenido proporcionado a trav\u00e9s de este sitio web; o (iv) que este sitio web, sus servidores, el contenido o los correos electr\u00f3nicos enviados desde o en nombre de nuestra Compa\u00f1\u00eda est\u00e9n libres de virus, scripts, troyanos, gusanos, malware, bombas de tiempo u otros componentes da\u00f1inos.<\/p><p>Algunas jurisdicciones no permiten la exclusi\u00f3n de ciertos tipos de garant\u00edas o limitaciones en los derechos estatutarios aplicables a un consumidor, por lo que algunas o todas las exclusiones y limitaciones anteriores pueden no aplicarse a usted. Pero en tal caso, las exclusiones y limitaciones establecidas en esta secci\u00f3n se aplicar\u00e1n en la medida m\u00e1xima exigible en virtud de la ley aplicable.<\/p><p><strong>Ley Aplicable<\/strong><\/p><p>Las leyes de los Estados Unidos de Am\u00e9rica, excluyendo sus normas de conflicto de leyes, regir\u00e1n estos T\u00e9rminos y su uso del Servicio. Su uso de la aplicaci\u00f3n tambi\u00e9n puede estar sujeto a otras leyes locales, estatales, nacionales o internacionales.<\/p><p><strong>Resoluci\u00f3n de disputas<\/strong><\/p><p>Si tiene alguna preocupaci\u00f3n o disputa sobre el Servicio, acepta intentar resolver la disputa de manera informal poni\u00e9ndose en contacto con la Compa\u00f1\u00eda en primer lugar.<\/p><p><strong>Para usuarios de la Uni\u00f3n Europea (UE)<\/strong><\/p><p>Si eres un consumidor de la Uni\u00f3n Europea, se beneficiar\u00e1n de cualquier disposici\u00f3n obligatoria de la ley del pa\u00eds en el que resides.<\/p><p><strong>Cumplimiento legal de los Estados Unidos<\/strong><\/p><p>Declara y garantiza que (i) no se encuentra en un pa\u00eds sujeto al embargo del gobierno de los Estados Unidos, o que ha sido designado por el gobierno de los Estados Unidos como un pa\u00eds que \"apoya el terrorismo\", y (ii) no se encuentra en ninguna lista del gobierno de los Estados Unidos de partes prohibidas o restringidas.<\/p><p><strong>Divisibilidad y Renuncia<\/strong><\/p><p><strong>Divisibilidad<\/strong><\/p><p>Si alguna disposici\u00f3n de estos T\u00e9rminos se considera inaplicable o inv\u00e1lida, dicha disposici\u00f3n se modificar\u00e1 e interpretar\u00e1 para cumplir los objetivos de dicha disposici\u00f3n en la mayor medida posible seg\u00fan la ley aplicable, y las disposiciones restantes continuar\u00e1n en pleno vigor y efecto.<\/p><p><strong>Renuncia<\/strong><\/p><p>Salvo lo dispuesto en este documento, el hecho de no ejercer un derecho o exigir el cumplimiento de una obligaci\u00f3n en virtud de estos T\u00e9rminos no afectar\u00e1 la capacidad de una parte para ejercer dicho derecho o exigir dicho cumplimiento en cualquier momento posterior, ni la renuncia de un incumplimiento constituir\u00e1 una renuncia de cualquier incumplimiento posterior.<\/p><p><strong>Interpretaci\u00f3n de Traducci\u00f3n<\/strong><\/p><p>Estos T\u00e9rminos y Condiciones pueden haber sido traducidos si los hemos puesto a tu disposici\u00f3n en nuestro sitio web. Aceptas que el texto original en ingl\u00e9s prevalecer\u00e1 en caso de disputa.<\/p><p><strong>Cambios en estos T\u00e9rminos y Condiciones<\/strong><\/p><p>Nos reservamos el derecho, a nuestra discreci\u00f3n, de modificar o reemplazar estos T\u00e9rminos en cualquier momento. Si una revisi\u00f3n es importante, haremos esfuerzos razonables para proporcionar al menos 30 d\u00edas de aviso previo antes de que entren en vigor los nuevos t\u00e9rminos. Lo que constituye un cambio importante ser\u00e1 determinado a nuestra \u00fanica discreci\u00f3n.<\/p><p>Al continuar accediendo o utilizando nuestro sitio web despu\u00e9s de que esas revisiones entren en vigor, aceptas estar sujeto a los t\u00e9rminos revisados. Si no aceptas los nuevos t\u00e9rminos, total o parcialmente, por favor, deja de utilizar este sitio web.<\/p><p><strong>Cont\u00e1ctanos<\/strong><\/p><p>Si tienes alguna pregunta sobre estos T\u00e9rminos y Condiciones, puedes contactarnos:<\/p><p>Por correo electr\u00f3nico\u00a0<a href=\"mailto:digital@urbanicathehotels.com\">digital@urbanicathehotels.com<\/a><\/p>\t\t\t\t\t\t\t\t<\/div>\n\t\t\t\t<\/div>\n\t\t\t\t\t<\/div>\n\t\t<\/div>\n\t\t\t\t\t<\/div>\n\t\t<\/section>\n\t\t\t\t<\/div>","protected":false},"excerpt":{"rendered":"<p>TERMS OF USE Terms and Conditions Last updated: September 28, 2021 Please read these terms and conditions carefully before using Our Website. Acknowledgment These are the Terms and Conditions governing the use of this Website and the agreement that operates between You and Urbanica Management LLC. These Terms and Conditions set out the rights and [&hellip;]<\/p>","protected":false},"author":1,"featured_media":0,"parent":0,"menu_order":0,"comment_status":"closed","ping_status":"closed","template":"elementor_header_footer","meta":{"footnotes":""},"folder":[51],"class_list":["post-1645","page","type-page","status-publish","hentry"],"_links":{"self":[{"href":"https:\/\/urbanicahotels.com\/es\/wp-json\/wp\/v2\/pages\/1645","targetHints":{"allow":["GET"]}}],"collection":[{"href":"https:\/\/urbanicahotels.com\/es\/wp-json\/wp\/v2\/pages"}],"about":[{"href":"https:\/\/urbanicahotels.com\/es\/wp-json\/wp\/v2\/types\/page"}],"author":[{"embeddable":true,"href":"https:\/\/urbanicahotels.com\/es\/wp-json\/wp\/v2\/users\/1"}],"replies":[{"embeddable":true,"href":"https:\/\/urbanicahotels.com\/es\/wp-json\/wp\/v2\/comments?post=1645"}],"version-history":[{"count":37,"href":"https:\/\/urbanicahotels.com\/es\/wp-json\/wp\/v2\/pages\/1645\/revisions"}],"predecessor-version":[{"id":8437,"href":"https:\/\/urbanicahotels.com\/es\/wp-json\/wp\/v2\/pages\/1645\/revisions\/8437"}],"wp:attachment":[{"href":"https:\/\/urbanicahotels.com\/es\/wp-json\/wp\/v2\/media?parent=1645"}],"wp:term":[{"taxonomy":"folder","embeddable":true,"href":"https:\/\/urbanicahotels.com\/es\/wp-json\/wp\/v2\/folder?post=1645"}],"curies":[{"name":"wp","href":"https:\/\/api.w.org\/{rel}","templated":true}]}}