{"id":1643,"date":"2021-05-28T15:15:40","date_gmt":"2021-05-28T15:15:40","guid":{"rendered":"https:\/\/urbanicathehotels.org\/?page_id=1643"},"modified":"2021-10-21T17:32:58","modified_gmt":"2021-10-21T17:32:58","slug":"privacy-policy","status":"publish","type":"page","link":"https:\/\/urbanicahotels.com\/es\/privacy-policy\/","title":{"rendered":"POL\u00cdTICA DE PRIVACIDAD"},"content":{"rendered":"<div data-elementor-type=\"wp-page\" data-elementor-id=\"1643\" class=\"elementor elementor-1643\" data-elementor-post-type=\"page\">\n\t\t\t\t\t\t<section class=\"elementor-section elementor-top-section elementor-element elementor-element-74e71f2 elementor-section-full_width elementor-section-height-default elementor-section-height-default\" data-id=\"74e71f2\" data-element_type=\"section\">\n\t\t\t\t\t\t<div class=\"elementor-container elementor-column-gap-default\">\n\t\t\t\t\t<div class=\"elementor-column elementor-col-100 elementor-top-column elementor-element elementor-element-8eb3caf\" data-id=\"8eb3caf\" data-element_type=\"column\" data-settings=\"{&quot;background_background&quot;:&quot;classic&quot;}\">\n\t\t\t<div class=\"elementor-widget-wrap elementor-element-populated\">\n\t\t\t\t\t\t<div class=\"elementor-element elementor-element-6980572 elementor-widget elementor-widget-heading\" data-id=\"6980572\" data-element_type=\"widget\" data-widget_type=\"heading.default\">\n\t\t\t\t<div class=\"elementor-widget-container\">\n\t\t\t\t\t<h3 class=\"elementor-heading-title elementor-size-default\">POL\u00cdTICA DE PRIVACIDAD<\/h3>\t\t\t\t<\/div>\n\t\t\t\t<\/div>\n\t\t\t\t<div class=\"elementor-element elementor-element-b486a0a elementor-widget elementor-widget-text-editor\" data-id=\"b486a0a\" data-element_type=\"widget\" data-widget_type=\"text-editor.default\">\n\t\t\t\t<div class=\"elementor-widget-container\">\n\t\t\t\t\t\t\t\t\t<p>\u00daltima actualizaci\u00f3n: 27 de septiembre de 2021<\/p><p><br \/>Gracias por elegir ser parte de nuestra comunidad en Urbanica Management LLC, que hace negocios en Urbanica The Hotels (\u201cUrbanica The Hotels\u201d, \u201cnosotros\u201d, \u201cnos\u201d o \u201cnuestro\u201d). Estamos comprometidos a proteger su informaci\u00f3n personal y su derecho a la privacidad. Si tiene alguna pregunta o inquietud sobre nuestro aviso o nuestras pr\u00e1cticas con respecto a su informaci\u00f3n personal, cont\u00e1ctenos en digital@urbanicathehotels.com.<br \/><br \/><\/p><p>Cuando visita nuestro sitio web<a href=\"http:\/\/www.urbanicathehotels.com\/\"> www.urbanicathehotels.com,<\/a> y utiliza nuestros servicios, conf\u00eda en nosotros su informaci\u00f3n personal. Nos tomamos su privacidad muy en serio. En esta Pol\u00edtica de Privacidad, buscamos explicar de la manera m\u00e1s clara posible qu\u00e9 informaci\u00f3n recopilamos, c\u00f3mo la utilizamos y qu\u00e9 derechos tiene en relaci\u00f3n con ella.<\/p><p>Utilizamos sus datos personales para proporcionar y mejorar este sitio web. Al utilizar nuestro sitio web, acepta la recopilaci\u00f3n y el uso de informaci\u00f3n de acuerdo con esta Pol\u00edtica de Privacidad.<\/p><p>Este aviso de privacidad se aplica a toda la informaci\u00f3n recopilada a trav\u00e9s de nuestro sitio web (como www.urbanicathehotels.com) y\/o cualquier servicio, venta, marketing o eventos relacionados (nos referimos a ellos colectivamente en este aviso de privacidad como los \u201cservicios\u201d).<\/p><p>\u00a0<\/p><p><strong>Recopilaci\u00f3n y Uso de Tus Datos Personales<\/strong><\/p><p><strong>Tipos de Datos Recopilados<\/strong><\/p><p><strong>Datos Personales<\/strong><\/p><p>Mientras utilizas nuestra p\u00e1gina web, es posible que te solicitemos que nos proporciones cierta informaci\u00f3n de identificaci\u00f3n personal que se puede utilizar para contactarte o identificarte. La informaci\u00f3n de identificaci\u00f3n personal puede incluir, entre otros:<\/p><ul><li>Direcci\u00f3n de correo electr\u00f3nico<\/li><li>Nombre y apellido<\/li><li>Datos de uso<\/li><\/ul><p>\u00a0<\/p><p><strong>Datos de uso<\/strong><\/p><p>Los Datos de Uso se recopilan autom\u00e1ticamente al utilizar nuestra p\u00e1gina web.<\/p><p>Los Datos de Uso pueden incluir informaci\u00f3n como la direcci\u00f3n del Protocolo de Internet (IP) de tu dispositivo (por ejemplo, tu direcci\u00f3n IP), el tipo de navegador, la versi\u00f3n del navegador, las p\u00e1ginas de nuestro sitio web que visitas, la hora y la fecha de tu visita, el tiempo que pasas en esas p\u00e1ginas, identificadores de dispositivos \u00fanicos y otros datos de diagn\u00f3stico.<\/p><p>Cuando accedes a nuestra p\u00e1gina web a trav\u00e9s de un dispositivo m\u00f3vil, podemos recopilar cierta informaci\u00f3n autom\u00e1ticamente, incluido, entre otros, el tipo de dispositivo m\u00f3vil que utilizas, tu ID \u00fanico de dispositivo m\u00f3vil, la direcci\u00f3n IP de tu dispositivo m\u00f3vil, tu sistema operativo m\u00f3vil, el tipo de navegador de Internet m\u00f3vil que utilizas, identificadores de dispositivos \u00fanicos y otros datos de diagn\u00f3stico.<\/p><p>Tambi\u00e9n podemos recopilar informaci\u00f3n que tu navegador env\u00eda cada vez que visitas nuestro sitio web o cuando accedes al sitio web a trav\u00e9s de un dispositivo m\u00f3vil.<\/p><p>\u00a0<\/p><p><strong>Tecnolog\u00edas de Seguimiento y Cookies<\/strong><\/p><p>Utilizamos cookies y tecnolog\u00edas de seguimiento similares para rastrear la actividad en nuestro sitio web y almacenar cierta informaci\u00f3n. Las tecnolog\u00edas de seguimiento utilizadas son balizas, etiquetas y scripts para recopilar y rastrear informaci\u00f3n y mejorar y analizar nuestro sitio web. Las tecnolog\u00edas que utilizamos pueden incluir:<\/p><ul><li><strong>Cookies o cookies de navegador. <\/strong>Una cookie es un archivo peque\u00f1o colocado en su dispositivo. Puede indicar a su navegador que rechace todas las cookies o que indique cuando se env\u00eda una cookie. Sin embargo, si no acepta las cookies, es posible que no pueda utilizar algunas partes de nuestro sitio web. A menos que haya ajustado la configuraci\u00f3n de su navegador para que rechace las cookies, nuestro sitio web puede usar cookies.<\/li><li><strong>Cookies Flash <\/strong>Ciertas caracter\u00edsticas de nuestro sitio web pueden utilizar objetos almacenados localmente (o cookies flash) para recopilar y almacenar informaci\u00f3n sobre sus preferencias o su actividad en nuestro sitio web. Las cookies flash no se gestionan con la misma configuraci\u00f3n del navegador que las utilizadas para las cookies de navegador. Para obtener m\u00e1s informaci\u00f3n sobre c\u00f3mo puede eliminar las cookies flash, consulte \"\u00bfD\u00f3nde puedo cambiar la configuraci\u00f3n para desactivar o eliminar objetos compartidos locales?\" disponible en https:\/\/helpx.adobe.com\/flash-player\/kb\/disable-local-shared-objects-flash.html#main_Where_can_I_change_the_settings_for_disabling__or_deleting_local_shared_objects_\u00a0<u>https:\/\/helpx.adobe.com\/flash-player\/kb\/disable-local-shared-objects-flash.html#main_Where_can_I_change_the_settings_for_disabling__or_deleting_local_shared_objects_<\/u><\/li><li><strong>Balizas Web. <\/strong>Ciertas secciones de nuestro sitio web y nuestros correos electr\u00f3nicos pueden contener peque\u00f1os archivos electr\u00f3nicos conocidos como balizas web (tambi\u00e9n denominadas gifs transparentes, etiquetas de p\u00edxel y gifs de un solo p\u00edxel) que permiten a la empresa, por ejemplo, contar los usuarios que han visitado esas p\u00e1ginas o abierto un correo electr\u00f3nico y para otras estad\u00edsticas relacionadas con el sitio web (por ejemplo, grabaci\u00f3n de la popularidad de una secci\u00f3n determinada y verificaci\u00f3n de la integridad del sistema y del servidor).<\/li><\/ul><p>Las cookies pueden ser cookies \"persistentes\" o \"de sesi\u00f3n\". Las cookies persistentes permanecen en su computadora personal o dispositivo m\u00f3vil cuando se desconecta, mientras que las cookies de sesi\u00f3n se eliminan tan pronto como cierra su navegador web.<\/p><p>Utilizamos cookies de sesi\u00f3n y persistentes para los fines establecidos a continuaci\u00f3n:<\/p><ul><li><strong>Cookies Necesarias \/ Esenciales<\/strong><\/li><\/ul><p>Tipo: Cookies de sesi\u00f3n<br \/>Administrado por: Nosotros<br \/>Prop\u00f3sito: Estas cookies son esenciales para proporcionar servicios disponibles a trav\u00e9s del sitio web y para permitirle utilizar algunas de sus caracter\u00edsticas. Ayudan a autenticar a los usuarios y a prevenir el uso fraudulento de las cuentas de usuario. Sin estas cookies, no se pueden proporcionar los servicios que ha solicitado, y solo utilizamos estas cookies para proporcionarle estos servicios.<\/p><ul><li><strong>Cookies de aceptaci\u00f3n de pol\u00edtica \/ aviso de cookies<\/strong><\/li><\/ul><p>Tipo: Cookies persistentes<br \/>Administrado por: Nosotros<br \/>Prop\u00f3sito: Estas cookies identifican si los usuarios han aceptado el uso de cookies en el sitio web.<\/p><ul><li><strong>Cookies de Funcionalidad<\/strong><\/li><\/ul><p>Tipo: Cookies persistentes<br \/>Administrado por: Nosotros<br \/>Prop\u00f3sito: Estas cookies nos permiten recordar las elecciones que usted hace cuando utiliza el sitio web, como recordar sus detalles de inicio de sesi\u00f3n o preferencia de idioma. El prop\u00f3sito de estas cookies es proporcionar una experiencia m\u00e1s personal y evitar que tenga que volver a ingresar sus preferencias cada vez que use el sitio web.<\/p><p>Para obtener m\u00e1s informaci\u00f3n sobre las cookies que utilizamos y sus opciones con respecto a las cookies, visite nuestra Pol\u00edtica de Cookies o la secci\u00f3n de Cookies de nuestra Pol\u00edtica de Privacidad.<br \/><br \/><\/p><p><strong>Uso de sus datos personales<\/strong><\/p><p>La Compa\u00f1\u00eda puede utilizar los datos personales para los siguientes fines:<\/p><ul><li><strong>Para proporcionar y mantener nuestro Servicio,<\/strong>incluido el monitoreo del uso de nuestro sitio web.<\/li><li><strong>Para el cumplimiento de un contrato: <\/strong>El desarrollo, cumplimiento y realizaci\u00f3n del contrato de compra de los productos, art\u00edculos o servicios que ha adquirido o cualquier otro contrato con nosotros a trav\u00e9s de este sitio web.<\/li><li><strong>Para contactarlo: <\/strong>por correo electr\u00f3nico, llamadas telef\u00f3nicas, SMS u otras formas equivalentes de comunicaci\u00f3n electr\u00f3nica, con respecto a actualizaciones o comunicaciones informativas relacionadas con las funcionalidades, productos o servicios contratados, incluidas las actualizaciones de seguridad, cuando sea necesario o razonable para su implementaci\u00f3n.<\/li><li><strong>Para brindarle <\/strong>noticias, ofertas especiales e informaci\u00f3n general sobre otros bienes, servicios y eventos que ofrecemos y que sean similares a los que ya ha adquirido o consultado, a menos que haya optado por no recibir dicha informaci\u00f3n.<\/li><li><strong>Para administrar sus solicitudes: <\/strong>Para atender y administrar sus solicitudes hacia nosotros.<\/li><li><strong>Para transferencias comerciales: <\/strong>Podemos utilizar su informaci\u00f3n para evaluar o llevar a cabo una fusi\u00f3n, venta de activos, financiamiento o adquisici\u00f3n de la totalidad o parte de nuestro negocio por otra compa\u00f1\u00eda, ya sea como empresa en marcha o como parte de un proceso de bancarrota, liquidaci\u00f3n u otro proceso similar, en el que los datos personales que tenemos sobre los usuarios de nuestro sitio web est\u00e9n entre los activos transferidos.<\/li><li><strong>Para otros fines:<\/strong>Podemos utilizar su informaci\u00f3n para otros fines, como el an\u00e1lisis de datos, la identificaci\u00f3n de tendencias de uso, la determinaci\u00f3n de la efectividad de nuestras campa\u00f1as promocionales y para evaluar y mejorar nuestro sitio web, productos, servicios, marketing y su experiencia.<\/li><\/ul><p>\u00a0<\/p><p>Podemos compartir su informaci\u00f3n personal en las siguientes situaciones:<\/p><ul><li><strong>Con proveedores de servicios: <\/strong>Podemos compartir su informaci\u00f3n personal con proveedores de servicios para monitorear y analizar el uso de nuestro sitio web, para contactarlo.<\/li><li><strong>Para transferencias comerciales: <\/strong>Podemos compartir o transferir su informaci\u00f3n personal en relaci\u00f3n con, o durante las negociaciones de cualquier fusi\u00f3n, venta de activos de la compa\u00f1\u00eda, financiamiento o adquisici\u00f3n de la totalidad o parte de nuestro negocio por otra compa\u00f1\u00eda.<\/li><li><strong>Con Afiliados: <\/strong>Podemos compartir su informaci\u00f3n con nuestras afiliadas, en cuyo caso requerimos que esas afiliadas respeten esta Pol\u00edtica de Privacidad. Las afiliadas incluyen nuestra empresa matriz y cualquier otra subsidiaria, socio de joint venture u otras empresas que controlamos o que est\u00e1n bajo el control com\u00fan con nosotros.<\/li><li><strong>Con Socios Comerciales: <\/strong>Podemos compartir su informaci\u00f3n con nuestros socios comerciales para ofrecerles ciertos productos, servicios o promociones.<\/li><li><strong>Con otros Usuarios: <\/strong>Cuando compartes informaci\u00f3n personal o interact\u00faas en \u00e1reas p\u00fablicas con otros usuarios, dicha informaci\u00f3n puede ser vista por todos los usuarios y distribuida p\u00fablicamente fuera de ellas.<\/li><li><strong>Retenci\u00f3n de sus Datos Personales:<\/strong>Podemos divulgar su informaci\u00f3n personal para cualquier otro prop\u00f3sito con tu consentimiento.<\/li><\/ul><p>\u00a0<\/p><p><strong>Retenci\u00f3n de sus Datos Personales<\/strong><\/p><p>La Compa\u00f1\u00eda retendr\u00e1 sus Datos Personales s\u00f3lo durante el tiempo que sea necesario para los fines establecidos en esta Pol\u00edtica de Privacidad. Retendremos y utilizaremos sus Datos Personales en la medida necesaria para cumplir con nuestras obligaciones legales (por ejemplo, si se nos exige que retengamos sus datos para cumplir con las leyes aplicables), resolver disputas y hacer cumplir nuestros acuerdos y pol\u00edticas legales.<\/p><p>La Compa\u00f1\u00eda tambi\u00e9n retendr\u00e1 Datos de Uso para fines de an\u00e1lisis interno. Los Datos de Uso generalmente se retienen por un per\u00edodo de tiempo m\u00e1s corto, excepto cuando estos datos se utilizan para fortalecer la seguridad o mejorar la funcionalidad de nuestro Servicio, o estamos legalmente obligados a retener estos datos por per\u00edodos de tiempo m\u00e1s largos.<br \/><br \/><\/p><p><strong>Transferencia de sus Datos Personales<\/strong><\/p><p>Su informaci\u00f3n, incluidos los Datos Personales, se procesa en las oficinas operativas de la Compa\u00f1\u00eda y en cualquier otro lugar donde se encuentren las partes involucradas en el procesamiento. Esto significa que esta informaci\u00f3n puede ser transferida y mantenida en computadoras ubicadas fuera de su estado, provincia, pa\u00eds u otra jurisdicci\u00f3n gubernamental donde las leyes de protecci\u00f3n de datos pueden diferir de las de su jurisdicci\u00f3n.<\/p><p>Su consentimiento a esta Pol\u00edtica de Privacidad seguido de su presentaci\u00f3n de dicha informaci\u00f3n representa su acuerdo con esa transferencia.<\/p><p>La Compa\u00f1\u00eda tomar\u00e1 todas las medidas razonablemente necesarias para garantizar que sus datos se traten de forma segura y de acuerdo con esta Pol\u00edtica de Privacidad y no se transferir\u00e1n sus Datos Personales a una organizaci\u00f3n o pa\u00eds a menos que existan controles adecuados, incluida la seguridad de sus datos y otra informaci\u00f3n personal.<br \/><br \/><\/p><p><strong>Divulgaci\u00f3n de sus Datos Personales<\/strong><\/p><p><strong>Transacciones Comerciales<\/strong><\/p><p>Si la Compa\u00f1\u00eda est\u00e1 involucrada en una fusi\u00f3n, adquisici\u00f3n o venta de activos, sus Datos Personales pueden ser transferidos. Le proporcionaremos un aviso antes de que sus Datos Personales sean transferidos y se conviertan en objeto de una Pol\u00edtica de Privacidad diferente.<br \/><br \/><\/p><p><strong>Cumplimiento de la Ley<\/strong><\/p><p>En ciertas circunstancias, la Compa\u00f1\u00eda puede estar obligada a revelar sus datos personales si as\u00ed lo requiere la ley o en respuesta a solicitudes v\u00e1lidas de autoridades p\u00fablicas (por ejemplo, un tribunal o una agencia gubernamental).<br \/><br \/><\/p><p><strong>Otros Requisitos Legales<\/strong><\/p><p>La Compa\u00f1\u00eda puede revelar sus datos personales de buena fe si considera que es necesario para:<\/p><ul><li>Cumplir con una obligaci\u00f3n legal<\/li><li>Proteger y defender los derechos o la propiedad de la Compa\u00f1\u00eda<\/li><li>Prevenir o investigar posibles conductas il\u00edcitas en relaci\u00f3n con el sitio web<\/li><li>Proteger la seguridad personal de los usuarios del sitio web o del p\u00fablico<\/li><li>Protegerse contra la responsabilidad legal<\/li><\/ul><p><strong><br \/>Seguridad de sus datos personales<\/strong><\/p><p>La seguridad de sus datos personales es importante para nosotros, pero recuerde que ning\u00fan m\u00e9todo de transmisi\u00f3n por Internet o de almacenamiento electr\u00f3nico es 100% seguro. Si bien nos esforzamos por utilizar medios comercialmente aceptables para proteger sus datos personales, no podemos garantizar su seguridad absoluta.<br \/><br \/><\/p><p><strong>Privacidad de los Ni\u00f1os<\/strong><\/p><p>Nuestro sitio web no se dirige a ninguna persona menor de 13 a\u00f1os. No recopilamos de manera consciente informaci\u00f3n de identificaci\u00f3n personal de ninguna persona menor de 13 a\u00f1os. Si es padre o tutor y sabe que su hijo nos ha proporcionado datos personales, por favor cont\u00e1ctenos. Si nos damos cuenta de que hemos recopilado informaci\u00f3n personal de cualquier persona menor de 13 a\u00f1os sin verificaci\u00f3n del consentimiento parental, tomaremos medidas para eliminar esa informaci\u00f3n de nuestros servidores.<\/p><p>Si necesitamos confiar en el consentimiento como base legal para procesar su informaci\u00f3n y su pa\u00eds requiere el consentimiento de un padre, podemos requerir el consentimiento de su padre antes de recopilar y utilizar esa informaci\u00f3n.<br \/><br \/><\/p><p><strong>Enlaces a otros sitios web<\/strong><\/p><p>Nuestro sitio web puede contener enlaces a otros sitios web que no son operados por nosotros. Si hace clic en un enlace de terceros, ser\u00e1 dirigido al sitio del tercero. Le recomendamos que revise la pol\u00edtica de privacidad de cada sitio que visite.<\/p><p>No tenemos control sobre y no asumimos responsabilidad por el contenido, las pol\u00edticas de privacidad o las pr\u00e1cticas de cualquier sitio o servicio de terceros.<br \/><br \/><\/p><p><strong>Cambios en esta Pol\u00edtica de Privacidad<\/strong><\/p><p>Podemos actualizar nuestra pol\u00edtica de privacidad de vez en cuando. Le notificaremos cualquier cambio publicando la nueva pol\u00edtica de privacidad en esta p\u00e1gina.<\/p><p>Le informaremos por correo electr\u00f3nico y \/ o un aviso destacado en nuestro sitio web, antes de que el cambio entre en vigencia y actualizaremos la fecha \"\u00daltima actualizaci\u00f3n\" en la parte superior de esta pol\u00edtica de privacidad.<\/p><p>Se le recomienda que revise peri\u00f3dicamente esta pol\u00edtica de privacidad para conocer los cambios. Los cambios en esta pol\u00edtica de privacidad son efectivos cuando se publican en esta p\u00e1gina.<\/p><p>\u00a0<\/p><p><strong>Cont\u00e1ctanos<\/strong><\/p><p>Si tiene alguna pregunta sobre esta pol\u00edtica de privacidad, puede contactarnos:<\/p><ul><li>Por correo electr\u00f3nico: digital@urbanicathehotels.com<\/li><\/ul><p>\u00a0<\/p>\t\t\t\t\t\t\t\t<\/div>\n\t\t\t\t<\/div>\n\t\t\t\t\t<\/div>\n\t\t<\/div>\n\t\t\t\t\t<\/div>\n\t\t<\/section>\n\t\t\t\t<\/div>","protected":false},"excerpt":{"rendered":"<p>PRIVACY NOTICE Last updated: September 27, 2021 Thank you for choosing to be part of our community at Urbanica Management LLC, doing business at Urbanica The Hotels (&#8220;Urbanica The Hotels&#8221;, \u00b7we\u00b7, \u00b7us\u00b7, or &#8220;our&#8221;). We are committed to protecting your personal information and your right to privacy. If you have any questions or concerns about [&hellip;]<\/p>","protected":false},"author":1,"featured_media":0,"parent":0,"menu_order":0,"comment_status":"closed","ping_status":"closed","template":"elementor_header_footer","meta":{"footnotes":""},"folder":[51],"class_list":["post-1643","page","type-page","status-publish","hentry"],"_links":{"self":[{"href":"https:\/\/urbanicahotels.com\/es\/wp-json\/wp\/v2\/pages\/1643","targetHints":{"allow":["GET"]}}],"collection":[{"href":"https:\/\/urbanicahotels.com\/es\/wp-json\/wp\/v2\/pages"}],"about":[{"href":"https:\/\/urbanicahotels.com\/es\/wp-json\/wp\/v2\/types\/page"}],"author":[{"embeddable":true,"href":"https:\/\/urbanicahotels.com\/es\/wp-json\/wp\/v2\/users\/1"}],"replies":[{"embeddable":true,"href":"https:\/\/urbanicahotels.com\/es\/wp-json\/wp\/v2\/comments?post=1643"}],"version-history":[{"count":70,"href":"https:\/\/urbanicahotels.com\/es\/wp-json\/wp\/v2\/pages\/1643\/revisions"}],"predecessor-version":[{"id":8539,"href":"https:\/\/urbanicahotels.com\/es\/wp-json\/wp\/v2\/pages\/1643\/revisions\/8539"}],"wp:attachment":[{"href":"https:\/\/urbanicahotels.com\/es\/wp-json\/wp\/v2\/media?parent=1643"}],"wp:term":[{"taxonomy":"folder","embeddable":true,"href":"https:\/\/urbanicahotels.com\/es\/wp-json\/wp\/v2\/folder?post=1643"}],"curies":[{"name":"wp","href":"https:\/\/api.w.org\/{rel}","templated":true}]}}