{"id":1637,"date":"2021-05-28T15:13:56","date_gmt":"2021-05-28T15:13:56","guid":{"rendered":"https:\/\/urbanicathehotels.org\/?page_id=1637"},"modified":"2021-10-21T14:55:04","modified_gmt":"2021-10-21T14:55:04","slug":"accessibility","status":"publish","type":"page","link":"https:\/\/urbanicahotels.com\/es\/accessibility\/","title":{"rendered":"ACCESIBILIDAD"},"content":{"rendered":"<div data-elementor-type=\"wp-page\" data-elementor-id=\"1637\" class=\"elementor elementor-1637\" data-elementor-post-type=\"page\">\n\t\t\t\t\t\t<section class=\"elementor-section elementor-top-section elementor-element elementor-element-eb80803 elementor-section-full_width elementor-section-height-default elementor-section-height-default\" data-id=\"eb80803\" data-element_type=\"section\">\n\t\t\t\t\t\t<div class=\"elementor-container elementor-column-gap-default\">\n\t\t\t\t\t<div class=\"elementor-column elementor-col-100 elementor-top-column elementor-element elementor-element-4cff6ba\" data-id=\"4cff6ba\" data-element_type=\"column\" data-settings=\"{&quot;background_background&quot;:&quot;classic&quot;}\">\n\t\t\t<div class=\"elementor-widget-wrap elementor-element-populated\">\n\t\t\t\t\t\t<div class=\"elementor-element elementor-element-4ec771d elementor-widget elementor-widget-heading\" data-id=\"4ec771d\" data-element_type=\"widget\" data-widget_type=\"heading.default\">\n\t\t\t\t<div class=\"elementor-widget-container\">\n\t\t\t\t\t<h3 class=\"elementor-heading-title elementor-size-default\">ACCESIBILIDAD<\/h3>\t\t\t\t<\/div>\n\t\t\t\t<\/div>\n\t\t\t\t<div class=\"elementor-element elementor-element-a610694 elementor-widget elementor-widget-text-editor\" data-id=\"a610694\" data-element_type=\"widget\" data-widget_type=\"text-editor.default\">\n\t\t\t\t<div class=\"elementor-widget-container\">\n\t\t\t\t\t\t\t\t\t<p class=\"p1\"><b>Accesibilidad del sitio web<\/b><\/p><p class=\"p3\">En Urbanica Hotels, hacemos que las experiencias de hospitalidad de primer nivel sean accesibles para todos. Mostramos un nivel sin igual de cuidado e inter\u00e9s en el bienestar de nuestros hu\u00e9spedes y miembros del equipo.<\/p><p class=\"p3\">Basamos nuestros est\u00e1ndares de accesibilidad del sitio web en las Pautas de Accesibilidad al Contenido Web 2.0, criterios de \u00e9xito de nivel A + AA y trabajamos continuamente para proporcionar, mantener y mejorar la usabilidad y accesibilidad de nuestros sitios web para todos los usuarios.<\/p><p class=\"p3\">Monitoreamos y realizamos pruebas regulares de accesibilidad digital de nuestro sitio web; por lo tanto, es posible que encuentre \u00e1reas que est\u00e9n en proceso de mejora. Si tiene alguna dificultad o problema para navegar por nuestros sitios web, comun\u00edquese con nosotros al +1 (305) 392 7752 o env\u00edenos un correo electr\u00f3nico a digital@urbanicathehotels.com <a href=\"mailto:digital@urbanicathehotels.com\"><span class=\"s1\">digital@urbanicathehotels.com<\/span><\/a> con una descripci\u00f3n detallada del problema que est\u00e1 experimentando y estaremos encantados de ayudarlo a resolverlo.<\/p><p class=\"p3\">Adem\u00e1s, si tiene alguna sugerencia sobre c\u00f3mo mejorar la accesibilidad de este sitio, h\u00e1ganoslo saber.<br \/><br \/><\/p><p class=\"p1\"><b>Accesibilidad del Hotel<\/b><\/p><p class=\"p3\">Todos los hoteles de Urbanica en EE. UU. cumplen con las Normas de 1991 de la Ley de Estadounidenses con Discapacidades (\"ADA\") (Departamento de Justicia, T\u00edtulo III de la ADA, Reglamento 28 CFR Parte 36, 1991).<br \/><br \/><b>\u00c1reas Accesibles<\/b><\/p><ul class=\"ul1\"><li class=\"li3\">Entrada p\u00fablica accesible<\/li><li class=\"li3\">Mostrador de registro \/ conserjer\u00eda accesible<\/li><li class=\"li3\">Lobby sin escalones<\/li><li class=\"li3\">Habitaciones accesibles<\/li><li class=\"li3\">Ascensores accesibles<\/li><li class=\"li3\">\u00c1reas de comida y bebida accesibles en el hotel<\/li><li class=\"li3\">Ba\u00f1o p\u00fablico ADA en el nivel del piso\u00a0<\/li><li class=\"li3\">Se\u00f1alizaci\u00f3n en Braille en todo el hotel<\/li><li class=\"li3\">Instrucciones de evacuaci\u00f3n de emergencia bajadas<\/li><li class=\"li3\">\u00c1reas \/ instalaciones p\u00fablicas accesibles para personas con discapacidades f\u00edsicas<\/li><li class=\"li3\">Estacionamiento solo con valet<\/li><li class=\"li3\">Alarma visual para personas con discapacidad auditiva<\/li><li class=\"li3\">Alarmas visuales para personas con discapacidad auditiva en los pasillos<\/li><li class=\"li3\">Visual alarms for hearing impaired in public areas<\/li><li class=\"li3\">Habitaciones accesibles para personas con movilidad reducida con puertas de entrada o pasaje que proporcionan 32 \"de ancho libre<\/li><li class=\"li3\">Ruta accesible desde la entrada del hotel hasta las habitaciones accesibles<\/li><li class=\"li3\">Ruta accesible desde la entrada p\u00fablica del hotel hasta las \u00e1reas de entretenimiento<\/li><li class=\"li3\">Ruta accesible desde la entrada p\u00fablica del hotel hasta la piscina* (cuando est\u00e9 disponible en el hotel)<\/li><li class=\"li3\">Piscina accesible (*cuando est\u00e9 disponible en el hotel)<\/li><li class=\"li3\">Se permiten animales de servicio<br \/><br \/><\/li><\/ul><p class=\"p1\"><span class=\"s3\"><b>Caracter\u00edsticas de accesibilidad en las habitaciones<\/b><\/span><\/p><ul class=\"ul1\"><li class=\"li3\">Alerta de puerta audiovisual para el timbre de la puerta para personas con discapacidad auditiva<\/li><li class=\"li3\">Todas las puertas son accesibles en silla de ruedas<\/li><li class=\"li3\">Habitaciones accesibles en silla de ruedas (sin escalones)<\/li><li class=\"li3\">Puertas del ba\u00f1o accesibles en silla de ruedas<\/li><li class=\"li3\">Ducha sin bordillo<\/li><li class=\"li3\">Barra de agarre en la ducha<\/li><li class=\"li3\">Barra de agarre junto al asiento del inodoro<\/li><li class=\"li3\">Ducha de mano<\/li><li class=\"li3\">Ganchos y soporte de toallas a nivel bajo<\/li><li class=\"li3\">Fregadero, mirilla y control de termostato a nivel bajo<\/li><li class=\"li3\">Subt\u00edtulos en televisores<\/li><li class=\"li3\">Alarmas estrobosc\u00f3picas<\/li><li class=\"li3\">TTY para uso de los hu\u00e9spedes<\/li><\/ul><p>\u00a0<\/p><p>\u00a0<\/p>\t\t\t\t\t\t\t\t<\/div>\n\t\t\t\t<\/div>\n\t\t\t\t\t<\/div>\n\t\t<\/div>\n\t\t\t\t\t<\/div>\n\t\t<\/section>\n\t\t\t\t<\/div>","protected":false},"excerpt":{"rendered":"<p>ACCESSIBILITY Website Accessibility At Urbanica Hotels we make first-rate hospitality experiences accessible to everyone.\u00a0We exhibit an unparalleled level of care and interest in the well-being of our guests and team members. We base our websites accessibility standards on the Web Content Accessibility Guidelines 2.0, level A + AA success criteria and we continuously work hard [&hellip;]<\/p>","protected":false},"author":1,"featured_media":0,"parent":0,"menu_order":0,"comment_status":"closed","ping_status":"closed","template":"elementor_header_footer","meta":{"footnotes":""},"folder":[51],"class_list":["post-1637","page","type-page","status-publish","hentry"],"_links":{"self":[{"href":"https:\/\/urbanicahotels.com\/es\/wp-json\/wp\/v2\/pages\/1637","targetHints":{"allow":["GET"]}}],"collection":[{"href":"https:\/\/urbanicahotels.com\/es\/wp-json\/wp\/v2\/pages"}],"about":[{"href":"https:\/\/urbanicahotels.com\/es\/wp-json\/wp\/v2\/types\/page"}],"author":[{"embeddable":true,"href":"https:\/\/urbanicahotels.com\/es\/wp-json\/wp\/v2\/users\/1"}],"replies":[{"embeddable":true,"href":"https:\/\/urbanicahotels.com\/es\/wp-json\/wp\/v2\/comments?post=1637"}],"version-history":[{"count":7,"href":"https:\/\/urbanicahotels.com\/es\/wp-json\/wp\/v2\/pages\/1637\/revisions"}],"predecessor-version":[{"id":8445,"href":"https:\/\/urbanicahotels.com\/es\/wp-json\/wp\/v2\/pages\/1637\/revisions\/8445"}],"wp:attachment":[{"href":"https:\/\/urbanicahotels.com\/es\/wp-json\/wp\/v2\/media?parent=1637"}],"wp:term":[{"taxonomy":"folder","embeddable":true,"href":"https:\/\/urbanicahotels.com\/es\/wp-json\/wp\/v2\/folder?post=1637"}],"curies":[{"name":"wp","href":"https:\/\/api.w.org\/{rel}","templated":true}]}}