{"id":16101,"date":"2024-12-03T18:19:09","date_gmt":"2024-12-03T18:19:09","guid":{"rendered":"https:\/\/urbanicahotels.com\/?page_id=16101"},"modified":"2024-12-04T18:11:18","modified_gmt":"2024-12-04T18:11:18","slug":"events-24","status":"publish","type":"page","link":"https:\/\/urbanicahotels.com\/es\/events-24\/","title":{"rendered":"EVENTS DIC24"},"content":{"rendered":"<div data-elementor-type=\"wp-page\" data-elementor-id=\"16101\" class=\"elementor elementor-16101\" data-elementor-post-type=\"page\">\n\t\t\t\t\t\t<section class=\"elementor-section elementor-top-section elementor-element elementor-element-8e08f10 elementor-section-full_width elementor-section-height-min-height elementor-section-height-default elementor-section-items-middle\" data-id=\"8e08f10\" data-element_type=\"section\" data-settings=\"{&quot;background_background&quot;:&quot;classic&quot;}\">\n\t\t\t\t\t\t<div class=\"elementor-container elementor-column-gap-default\">\n\t\t\t\t\t<div class=\"elementor-column elementor-col-100 elementor-top-column elementor-element elementor-element-ea3d89f\" data-id=\"ea3d89f\" data-element_type=\"column\">\n\t\t\t<div class=\"elementor-widget-wrap\">\n\t\t\t\t\t\t\t<\/div>\n\t\t<\/div>\n\t\t\t\t\t<\/div>\n\t\t<\/section>\n\t\t\t\t<section class=\"elementor-section elementor-top-section elementor-element elementor-element-4d48d3b elementor-section-boxed elementor-section-height-default elementor-section-height-default\" data-id=\"4d48d3b\" data-element_type=\"section\">\n\t\t\t\t\t\t<div class=\"elementor-container elementor-column-gap-default\">\n\t\t\t\t\t<div class=\"elementor-column elementor-col-100 elementor-top-column elementor-element elementor-element-28672f6\" data-id=\"28672f6\" data-element_type=\"column\" data-settings=\"{&quot;background_background&quot;:&quot;classic&quot;}\">\n\t\t\t<div class=\"elementor-widget-wrap elementor-element-populated\">\n\t\t\t\t\t\t<div class=\"elementor-element elementor-element-2e8ae15 elementor-widget__width-initial elementor-widget elementor-widget-heading\" data-id=\"2e8ae15\" data-element_type=\"widget\" data-widget_type=\"heading.default\">\n\t\t\t\t<div class=\"elementor-widget-container\">\n\t\t\t\t\t<h2 class=\"elementor-heading-title elementor-size-default\">REUNIONES Y EVENTOS<\/h2>\t\t\t\t<\/div>\n\t\t\t\t<\/div>\n\t\t\t\t<div class=\"elementor-element elementor-element-dd41ac8 elementor-widget elementor-widget-text-editor\" data-id=\"dd41ac8\" data-element_type=\"widget\" data-widget_type=\"text-editor.default\">\n\t\t\t\t<div class=\"elementor-widget-container\">\n\t\t\t\t\t\t\t\t\t<p style=\"text-align: center;\"><span style=\"font-weight: 400;\">Cuando est\u00e9s planificando tu pr\u00f3ximo evento, ya sea una reuni\u00f3n corporativa, una celebraci\u00f3n especial o algo m\u00e1s \u00edntimo, nuestro equipo de especialistas en eventos estar\u00e1 encantado de ayudarte. Ofrecemos una variedad de espacios \u00fanicos que pueden albergar grupos de distintos tama\u00f1os, tanto en interiores como al aire libre.<\/span><\/p><p style=\"text-align: center;\"><span style=\"font-weight: 400;\">\u00a1Cont\u00e1ctanos hoy mismo para reservar tu pr\u00f3ximo evento! <\/span><\/p>\t\t\t\t\t\t\t\t<\/div>\n\t\t\t\t<\/div>\n\t\t\t\t\t<\/div>\n\t\t<\/div>\n\t\t\t\t\t<\/div>\n\t\t<\/section>\n\t\t\t\t<section class=\"elementor-section elementor-top-section elementor-element elementor-element-7144075 elementor-section-full_width elementor-hidden-desktop elementor-hidden-tablet elementor-hidden-mobile elementor-section-height-default elementor-section-height-default\" data-id=\"7144075\" data-element_type=\"section\">\n\t\t\t\t\t\t<div class=\"elementor-container elementor-column-gap-default\">\n\t\t\t\t\t<div class=\"elementor-column elementor-col-50 elementor-top-column elementor-element elementor-element-cd82b0b elementor-hidden-tablet elementor-hidden-mobile\" data-id=\"cd82b0b\" data-element_type=\"column\">\n\t\t\t<div class=\"elementor-widget-wrap\">\n\t\t\t\t\t\t\t<\/div>\n\t\t<\/div>\n\t\t\t\t<div class=\"elementor-column elementor-col-50 elementor-top-column elementor-element elementor-element-80f1ef9\" data-id=\"80f1ef9\" data-element_type=\"column\" data-settings=\"{&quot;background_background&quot;:&quot;classic&quot;}\">\n\t\t\t<div class=\"elementor-widget-wrap elementor-element-populated\">\n\t\t\t\t\t\t<div class=\"elementor-element elementor-element-144719c elementor--h-position-center elementor--v-position-middle elementor-arrows-position-inside elementor-pagination-position-inside elementor-widget elementor-widget-slides\" data-id=\"144719c\" data-element_type=\"widget\" data-settings=\"{&quot;navigation&quot;:&quot;both&quot;,&quot;infinite&quot;:&quot;yes&quot;,&quot;transition&quot;:&quot;slide&quot;,&quot;transition_speed&quot;:500}\" data-widget_type=\"slides.default\">\n\t\t\t\t<div class=\"elementor-widget-container\">\n\t\t\t\t\t\t\t\t\t<div class=\"elementor-swiper\">\n\t\t\t\t\t<div class=\"elementor-slides-wrapper elementor-main-swiper swiper\" role=\"region\" aria-roledescription=\"carousel\" aria-label=\"Diapositivas\" dir=\"ltr\" data-animation=\"fadeInUp\">\n\t\t\t\t<div class=\"swiper-wrapper elementor-slides\">\n\t\t\t\t\t\t\t\t\t\t<div class=\"elementor-repeater-item-ccd36c7 swiper-slide\" role=\"group\" aria-roledescription=\"slide\"><div class=\"swiper-slide-bg\" role=\"img\"><\/div><div class=\"swiper-slide-inner\" ><div class=\"swiper-slide-contents\"><\/div><\/div><\/div><div class=\"elementor-repeater-item-1824e81 swiper-slide\" role=\"group\" aria-roledescription=\"slide\"><div class=\"swiper-slide-bg\" role=\"img\"><\/div><div class=\"swiper-slide-inner\" ><div class=\"swiper-slide-contents\"><\/div><\/div><\/div><div class=\"elementor-repeater-item-fe683e5 swiper-slide\" role=\"group\" aria-roledescription=\"slide\"><div class=\"swiper-slide-bg\" role=\"img\"><\/div><div class=\"swiper-slide-inner\" ><div class=\"swiper-slide-contents\"><\/div><\/div><\/div>\t\t\t\t<\/div>\n\t\t\t\t\t\t\t\t\t\t\t\t\t\t\t<div class=\"elementor-swiper-button elementor-swiper-button-prev\" role=\"button\" tabindex=\"0\" aria-label=\"Diapositiva anterior\">\n\t\t\t\t\t\t\t<i aria-hidden=\"true\" class=\"eicon-chevron-left\"><\/i>\t\t\t\t\t\t<\/div>\n\t\t\t\t\t\t<div class=\"elementor-swiper-button elementor-swiper-button-next\" role=\"button\" tabindex=\"0\" aria-label=\"Diapositiva siguiente\">\n\t\t\t\t\t\t\t<i aria-hidden=\"true\" class=\"eicon-chevron-right\"><\/i>\t\t\t\t\t\t<\/div>\n\t\t\t\t\t\t\t\t\t\t\t\t\t\t\t\t<div class=\"swiper-pagination\"><\/div>\n\t\t\t\t\t\t\t\t\t\t\t\t<\/div>\n\t\t\t\t<\/div>\n\t\t\t\t\t\t\t\t<\/div>\n\t\t\t\t<\/div>\n\t\t\t\t\t<\/div>\n\t\t<\/div>\n\t\t\t\t\t<\/div>\n\t\t<\/section>\n\t\t\t\t<section class=\"elementor-section elementor-top-section elementor-element elementor-element-cca52c1 elementor-section-full_width elementor-section-height-default elementor-section-height-default\" data-id=\"cca52c1\" data-element_type=\"section\">\n\t\t\t\t\t\t<div class=\"elementor-container elementor-column-gap-default\">\n\t\t\t\t\t<div class=\"elementor-column elementor-col-50 elementor-top-column elementor-element elementor-element-827f238\" data-id=\"827f238\" data-element_type=\"column\">\n\t\t\t<div class=\"elementor-widget-wrap elementor-element-populated\">\n\t\t\t\t\t\t<div class=\"elementor-element elementor-element-f97aaf3 elementor-widget elementor-widget-image\" data-id=\"f97aaf3\" data-element_type=\"widget\" data-widget_type=\"image.default\">\n\t\t\t\t<div class=\"elementor-widget-container\">\n\t\t\t\t\t\t\t\t\t\t\t\t\t\t\t<img decoding=\"async\" width=\"159\" height=\"168\" src=\"https:\/\/urbanicahotels.com\/wp-content\/uploads\/2021\/04\/LogoLibertadorBsAs.svg\" class=\"attachment-large size-large wp-image-237\" alt=\"\" \/>\t\t\t\t\t\t\t\t\t\t\t\t\t\t\t<\/div>\n\t\t\t\t<\/div>\n\t\t\t\t<div class=\"elementor-element elementor-element-14bf2d8 elementor-widget elementor-widget-text-editor\" data-id=\"14bf2d8\" data-element_type=\"widget\" data-widget_type=\"text-editor.default\">\n\t\t\t\t<div class=\"elementor-widget-container\">\n\t\t\t\t\t\t\t\t\tExplora nuestros espacios \u00fanicos y privados, dise\u00f1ados para eventos corporativos en Argentina. Equipados con tecnolog\u00eda avanzada y WiFi, nuestros lugares est\u00e1n dise\u00f1ados para garantizar que cada evento sea un \u00e9xito rotundo para tu empresa.\t\t\t\t\t\t\t\t<\/div>\n\t\t\t\t<\/div>\n\t\t\t\t<section class=\"elementor-section elementor-inner-section elementor-element elementor-element-3aadcaa elementor-section-boxed elementor-section-height-default elementor-section-height-default\" data-id=\"3aadcaa\" data-element_type=\"section\">\n\t\t\t\t\t\t<div class=\"elementor-container elementor-column-gap-default\">\n\t\t\t\t\t<div class=\"elementor-column elementor-col-50 elementor-inner-column elementor-element elementor-element-78f1d55\" data-id=\"78f1d55\" data-element_type=\"column\">\n\t\t\t<div class=\"elementor-widget-wrap elementor-element-populated\">\n\t\t\t\t\t\t<div class=\"elementor-element elementor-element-daf2c93 elementor-widget elementor-widget-text-editor\" data-id=\"daf2c93\" data-element_type=\"widget\" data-widget_type=\"text-editor.default\">\n\t\t\t\t<div class=\"elementor-widget-container\">\n\t\t\t\t\t\t\t\t\t<h5 style=\"text-align: center;\"><b>SAL\u00d3N <br \/>PAMPA <\/b><\/h5><h6 style=\"text-align: center;\"><span style=\"font-weight: 400;\">Capacidad Sentados: 30<br \/><br \/>La sala se puede modificar hasta 48 horas antes del evento.\u00a0<\/span><\/h6>\t\t\t\t\t\t\t\t<\/div>\n\t\t\t\t<\/div>\n\t\t\t\t\t<\/div>\n\t\t<\/div>\n\t\t\t\t<div class=\"elementor-column elementor-col-50 elementor-inner-column elementor-element elementor-element-6fec339\" data-id=\"6fec339\" data-element_type=\"column\">\n\t\t\t<div class=\"elementor-widget-wrap elementor-element-populated\">\n\t\t\t\t\t\t<div class=\"elementor-element elementor-element-c9f8e0f elementor-widget elementor-widget-text-editor\" data-id=\"c9f8e0f\" data-element_type=\"widget\" data-widget_type=\"text-editor.default\">\n\t\t\t\t<div class=\"elementor-widget-container\">\n\t\t\t\t\t\t\t\t\t<h5 style=\"text-align: center;\"><b>SAL\u00d3N\u00a0<br \/>LIBERTADOR<\/b><\/h5><h6 style=\"text-align: center;\"><span style=\"font-weight: 400;\">\u00a0Capacidad Sentados: 8\u00a0<\/span><\/h6><h6 style=\"text-align: center;\"><span style=\"font-weight: 400;\"><br \/>Incluye TV LED de 42\u2033\u00a0<\/span><\/h6>\t\t\t\t\t\t\t\t<\/div>\n\t\t\t\t<\/div>\n\t\t\t\t\t<\/div>\n\t\t<\/div>\n\t\t\t\t\t<\/div>\n\t\t<\/section>\n\t\t\t\t<div class=\"elementor-element elementor-element-0b08f62 elementor-align-center elementor-widget elementor-widget-button\" data-id=\"0b08f62\" data-element_type=\"widget\" data-widget_type=\"button.default\">\n\t\t\t\t<div class=\"elementor-widget-container\">\n\t\t\t\t\t\t\t\t\t<div class=\"elementor-button-wrapper\">\n\t\t\t\t\t<a class=\"elementor-button elementor-button-link elementor-size-sm\" href=\"mailto:reservas@urbanicahotels.com\" target=\"_blank\">\n\t\t\t\t\t\t<span class=\"elementor-button-content-wrapper\">\n\t\t\t\t\t\t\t\t\t<span class=\"elementor-button-text\">SEND YOUR INQUIRY<\/span>\n\t\t\t\t\t<\/span>\n\t\t\t\t\t<\/a>\n\t\t\t\t<\/div>\n\t\t\t\t\t\t\t\t<\/div>\n\t\t\t\t<\/div>\n\t\t\t\t\t<\/div>\n\t\t<\/div>\n\t\t\t\t<div class=\"elementor-column elementor-col-50 elementor-top-column elementor-element elementor-element-b49598a\" data-id=\"b49598a\" data-element_type=\"column\" data-settings=\"{&quot;background_background&quot;:&quot;classic&quot;}\">\n\t\t\t<div class=\"elementor-widget-wrap elementor-element-populated\">\n\t\t\t\t\t\t<div class=\"elementor-element elementor-element-2f13fc3 elementor--h-position-center elementor--v-position-middle elementor-arrows-position-inside elementor-pagination-position-inside elementor-widget elementor-widget-slides\" data-id=\"2f13fc3\" data-element_type=\"widget\" data-settings=\"{&quot;navigation&quot;:&quot;both&quot;,&quot;infinite&quot;:&quot;yes&quot;,&quot;transition&quot;:&quot;slide&quot;,&quot;transition_speed&quot;:500}\" data-widget_type=\"slides.default\">\n\t\t\t\t<div class=\"elementor-widget-container\">\n\t\t\t\t\t\t\t\t\t<div class=\"elementor-swiper\">\n\t\t\t\t\t<div class=\"elementor-slides-wrapper elementor-main-swiper swiper\" role=\"region\" aria-roledescription=\"carousel\" aria-label=\"Diapositivas\" dir=\"ltr\" data-animation=\"fadeInUp\">\n\t\t\t\t<div class=\"swiper-wrapper elementor-slides\">\n\t\t\t\t\t\t\t\t\t\t<div class=\"elementor-repeater-item-1824e81 swiper-slide\" role=\"group\" aria-roledescription=\"slide\"><div class=\"swiper-slide-bg\" role=\"img\"><\/div><div class=\"swiper-slide-inner\" ><div class=\"swiper-slide-contents\"><\/div><\/div><\/div><div class=\"elementor-repeater-item-ccd36c7 swiper-slide\" role=\"group\" aria-roledescription=\"slide\"><div class=\"swiper-slide-bg\" role=\"img\"><\/div><div class=\"swiper-slide-inner\" ><div class=\"swiper-slide-contents\"><\/div><\/div><\/div><div class=\"elementor-repeater-item-fe683e5 swiper-slide\" role=\"group\" aria-roledescription=\"slide\"><div class=\"swiper-slide-bg\" role=\"img\"><\/div><div class=\"swiper-slide-inner\" ><div class=\"swiper-slide-contents\"><\/div><\/div><\/div>\t\t\t\t<\/div>\n\t\t\t\t\t\t\t\t\t\t\t\t\t\t\t<div class=\"elementor-swiper-button elementor-swiper-button-prev\" role=\"button\" tabindex=\"0\" aria-label=\"Diapositiva anterior\">\n\t\t\t\t\t\t\t<i aria-hidden=\"true\" class=\"eicon-chevron-left\"><\/i>\t\t\t\t\t\t<\/div>\n\t\t\t\t\t\t<div class=\"elementor-swiper-button elementor-swiper-button-next\" role=\"button\" tabindex=\"0\" aria-label=\"Diapositiva siguiente\">\n\t\t\t\t\t\t\t<i aria-hidden=\"true\" class=\"eicon-chevron-right\"><\/i>\t\t\t\t\t\t<\/div>\n\t\t\t\t\t\t\t\t\t\t\t\t\t\t\t\t<div class=\"swiper-pagination\"><\/div>\n\t\t\t\t\t\t\t\t\t\t\t\t<\/div>\n\t\t\t\t<\/div>\n\t\t\t\t\t\t\t\t<\/div>\n\t\t\t\t<\/div>\n\t\t\t\t\t<\/div>\n\t\t<\/div>\n\t\t\t\t\t<\/div>\n\t\t<\/section>\n\t\t\t\t<section class=\"elementor-section elementor-top-section elementor-element elementor-element-caa2687 elementor-section-content-middle elementor-section-full_width elementor-section-height-min-height elementor-section-items-top elementor-section-height-default\" data-id=\"caa2687\" data-element_type=\"section\" data-settings=\"{&quot;background_background&quot;:&quot;classic&quot;,&quot;background_motion_fx_motion_fx_scrolling&quot;:&quot;yes&quot;,&quot;background_motion_fx_translateX_effect&quot;:&quot;yes&quot;,&quot;background_motion_fx_translateX_direction&quot;:&quot;negative&quot;,&quot;background_motion_fx_translateX_speed&quot;:{&quot;unit&quot;:&quot;px&quot;,&quot;size&quot;:4,&quot;sizes&quot;:[]},&quot;background_motion_fx_translateX_affectedRange&quot;:{&quot;unit&quot;:&quot;%&quot;,&quot;size&quot;:&quot;&quot;,&quot;sizes&quot;:{&quot;start&quot;:0,&quot;end&quot;:100}},&quot;background_motion_fx_devices&quot;:[&quot;desktop&quot;,&quot;tablet&quot;,&quot;mobile&quot;]}\">\n\t\t\t\t\t\t\t<div class=\"elementor-background-overlay\"><\/div>\n\t\t\t\t\t\t\t<div class=\"elementor-container elementor-column-gap-default\">\n\t\t\t\t\t<div class=\"elementor-column elementor-col-100 elementor-top-column elementor-element elementor-element-821980c\" data-id=\"821980c\" data-element_type=\"column\">\n\t\t\t<div class=\"elementor-widget-wrap elementor-element-populated\">\n\t\t\t\t\t\t<div class=\"elementor-element elementor-element-c40d46c elementor-widget__width-inherit elementor-widget elementor-widget-heading\" data-id=\"c40d46c\" data-element_type=\"widget\" data-widget_type=\"heading.default\">\n\t\t\t\t<div class=\"elementor-widget-container\">\n\t\t\t\t\t<h3 class=\"elementor-heading-title elementor-size-default\">MANTENTE CONECTADO<\/h3>\t\t\t\t<\/div>\n\t\t\t\t<\/div>\n\t\t\t\t<section class=\"elementor-section elementor-inner-section elementor-element elementor-element-e0fbcc0 elementor-section-boxed elementor-section-height-default elementor-section-height-default\" data-id=\"e0fbcc0\" data-element_type=\"section\">\n\t\t\t\t\t\t<div class=\"elementor-container elementor-column-gap-default\">\n\t\t\t\t\t<div class=\"elementor-column elementor-col-100 elementor-inner-column elementor-element elementor-element-8cc62f5\" data-id=\"8cc62f5\" data-element_type=\"column\">\n\t\t\t<div class=\"elementor-widget-wrap elementor-element-populated\">\n\t\t\t\t\t\t<div class=\"elementor-element elementor-element-5b1a5e6 elementor-widget elementor-widget-text-editor\" data-id=\"5b1a5e6\" data-element_type=\"widget\" data-widget_type=\"text-editor.default\">\n\t\t\t\t<div class=\"elementor-widget-container\">\n\t\t\t\t\t\t\t\t\t<p>Suscr\u00edbete a nuestro newsletter para ser el primero en enterarte de grandes ofertas y eventos<\/p>\t\t\t\t\t\t\t\t<\/div>\n\t\t\t\t<\/div>\n\t\t\t\t<div class=\"elementor-element elementor-element-f9956ab elementor-widget elementor-widget-html\" data-id=\"f9956ab\" data-element_type=\"widget\" data-widget_type=\"html.default\">\n\t\t\t\t<div class=\"elementor-widget-container\">\n\t\t\t\t\t<div id=\"mc_embed_shell\">\r\n      <link\r\n        href=\"\/\/cdn-images.mailchimp.com\/embedcode\/classic-061523.css\"\r\n        rel=\"stylesheet\"\r\n        type=\"text\/css\"\r\n      \/>\r\n      <style type=\"text\/css\">\r\n        #mc_embed_signup {\r\n          background: #fff;\r\n          clear: left;\r\n          font: 12px 'Verlag Bold';\r\n          width: 100%;\r\n          background-color: transparent;\r\n        }\r\n        .formmail {\r\n          display: flex !important;\r\n          width: 100%;\r\n          align-items: center;\r\n          background-color: transparent;\r\n        }\r\n        .button{\r\n            border-radius: 0px;\r\n            border: solid;\r\n            margin: 0px !important;\r\n        }\r\n        #mc_embed_signup .mc-field-group{\r\n            padding-bottom: 8px !important\r\n        }\r\n        .mc-field-group {\r\n          padding: 8px;\r\n        }\r\n        ::placeholder {\r\n            color: black;\r\n        }\r\n        #mc-embedded-subscribe{\r\n            background-color: white !important;\r\n            color: black !important;\r\n            font-weight: 600 !important;\r\n            height: 40px !important;\r\n            border-color: black !important;\r\n            border: solid 1px !important;\r\n            border-radius: 1px !important\r\n            \r\n            \r\n        }\r\n         @media only screen and (max-width: 648px) {\r\n            input{\r\n                width: 100% !important;\r\n                margin: 5px !important;\r\n            }\r\n            .formmail{\r\n                flex-wrap: wrap !important;\r\n          background-color: transparent !important;\r\n          justify-content: center !important;\r\n            }\r\n            \r\n        }\r\n        .joinnow{\r\n            display: flex;\r\n    justify-content: center;\r\n    align-items: center;\r\n    padding: 5px;\r\n        }\r\n        \/* Add your own Mailchimp form style overrides in your site stylesheet or in this style block.\r\n             We recommend moving this block and the preceding CSS link to the HEAD of your HTML file. *\/\r\n      <\/style>\r\n      <div id=\"mc_embed_signup\">\r\n        <form\r\n          action=\"https:\/\/editorpizza.us14.list-manage.com\/subscribe\/post?u=a05cd30242fe87e29c5931f6d&amp;id=ac4aecee34&amp;f_id=005e09e3f0\"\r\n          method=\"post\"\r\n          id=\"mc-embedded-subscribe-form\"\r\n          name=\"mc-embedded-subscribe-form\"\r\n          class=\"validate\"\r\n          target=\"_blank\" data-trp-original-action=\"https:\/\/editorpizza.us14.list-manage.com\/subscribe\/post?u=a05cd30242fe87e29c5931f6d&amp;id=ac4aecee34&amp;f_id=005e09e3f0\"\r\n        >\r\n          <div id=\"mc_embed_signup_scroll\">\r\n            <div class=\"formmail\">\r\n              <div class=\"indicates-required\"><\/div>\r\n              <div class=\"mc-field-group\">\r\n                <label for=\"mce-FNAME\" > <\/label\r\n><input\r\n                  type=\"text\"\r\n                  placeholder=\"Nombre\"\r\n                  name=\"FNAME\"\r\n                  class=\"text\"\r\n                  id=\"mce-FNAME\"\r\n                  value=\"\"\r\n                \/>\r\n              <\/div>\r\n              <div class=\"mc-field-group\">\r\n                <label for=\"mce-EMAIL\" ><\/label>\r\n                  <\/label\r\n><input\r\n                  type=\"email\"\r\n                  name=\"EMAIL\"\r\n                  placeholder=\"Correo electr\u00f3nico\"\r\n                  class=\"required email\"\r\n                  id=\"mce-EMAIL\"\r\n                  required=\"\"\r\n                  value=\"\"\r\n                \/>\r\n              <\/div>\r\n              <div hidden=\"\">\r\n                <input type=\"hidden\" name=\"tags\" value=\"7415794\" \/>\r\n              <\/div>\r\n              \r\n              <div aria-hidden=\"true\" style=\"position: absolute; left: -5000px\">\r\n                <input\r\n                  type=\"text\"\r\n                  name=\"b_a05cd30242fe87e29c5931f6d_ac4aecee34\"\r\n                  tabindex=\"-1\"\r\n                  value=\"\"\r\n                \/>\r\n              <\/div>\r\n              <div class=\"clear joinnow\">\r\n                <input\r\n                  type=\"submit\"\r\n                  name=\"subscribe\"\r\n                  id=\"mc-embedded-subscribe\"\r\n                  class=\"button\"\r\n                  value=\"\u00daNETE\"\r\n                  onclick=\"dataL()\"\r\n                \/>\r\n              <\/div>\r\n            <\/div>\r\n            <div>\r\n                <div id=\"mce-responses\" class=\"clear\">\r\n                <div\r\n                  class=\"response\"\r\n                  id=\"mce-error-response\"\r\n                  style=\"display: none\"\r\n                ><\/div>\r\n                <div\r\n                  class=\"response\"\r\n                  id=\"mce-success-response\"\r\n                  style=\"display: none\"\r\n                ><\/div>\r\n              <\/div>\r\n            <\/div>\r\n          <\/div>\r\n        <input type=\"hidden\" name=\"trp-form-language\" value=\"es\"\/><\/form>\r\n      <\/div>\r\n      <script\r\n        type=\"text\/javascript\"\r\n        src=\"\/\/s3.amazonaws.com\/downloads.mailchimp.com\/js\/mc-validate.js\"\r\n      ><\/script>\r\n      <script type=\"text\/javascript\">\r\n        (function ($) {\r\n          window.fnames = new Array();\r\n          window.ftypes = new Array();\r\n          fnames[0] = \"EMAIL\";\r\n          ftypes[0] = \"email\";\r\n          fnames[1] = \"FNAME\";\r\n          ftypes[1] = \"text\";\r\n          fnames[2] = \"LNAME\";\r\n          ftypes[2] = \"text\";\r\n          fnames[3] = \"ADDRESS\";\r\n          ftypes[3] = \"address\";\r\n          fnames[4] = \"PHONE\";\r\n          ftypes[4] = \"phone\";\r\n          fnames[5] = \"MMERGE5\";\r\n          ftypes[5] = \"birthday\";\r\n        })(jQuery);\r\n        var $mcj = jQuery.noConflict(true);\r\n      <\/script>\r\n      <script>\r\n          function dataL() {\r\n        var input = document.getElementById(\"mce-EMAIL\").value;\r\n\r\n        window.dataLayer = window.dataLayer || [];\r\n  window.dataLayer.push({'event': 'formularioenviado', 'email': input});\r\n        }\r\n      <\/script>\r\n    <\/div>\t\t\t\t<\/div>\n\t\t\t\t<\/div>\n\t\t\t\t\t<\/div>\n\t\t<\/div>\n\t\t\t\t\t<\/div>\n\t\t<\/section>\n\t\t\t\t\t<\/div>\n\t\t<\/div>\n\t\t\t\t\t<\/div>\n\t\t<\/section>\n\t\t\t\t<\/div>","protected":false},"excerpt":{"rendered":"<p>MEETINGS AND EVENTS When you&#8217;re planning your next event, whether it&#8217;s a corporate gathering, milestone celebration or something more intimate, our team of passionate event specialists would be delighted to help. We offer a range of unique event spaces that can accommodate groups of various sizes, both indoors and outdoors. Contact us today to book [&hellip;]<\/p>","protected":false},"author":2,"featured_media":0,"parent":0,"menu_order":0,"comment_status":"closed","ping_status":"closed","template":"","meta":{"footnotes":""},"folder":[],"class_list":["post-16101","page","type-page","status-publish","hentry"],"_links":{"self":[{"href":"https:\/\/urbanicahotels.com\/es\/wp-json\/wp\/v2\/pages\/16101","targetHints":{"allow":["GET"]}}],"collection":[{"href":"https:\/\/urbanicahotels.com\/es\/wp-json\/wp\/v2\/pages"}],"about":[{"href":"https:\/\/urbanicahotels.com\/es\/wp-json\/wp\/v2\/types\/page"}],"author":[{"embeddable":true,"href":"https:\/\/urbanicahotels.com\/es\/wp-json\/wp\/v2\/users\/2"}],"replies":[{"embeddable":true,"href":"https:\/\/urbanicahotels.com\/es\/wp-json\/wp\/v2\/comments?post=16101"}],"version-history":[{"count":7,"href":"https:\/\/urbanicahotels.com\/es\/wp-json\/wp\/v2\/pages\/16101\/revisions"}],"predecessor-version":[{"id":16128,"href":"https:\/\/urbanicahotels.com\/es\/wp-json\/wp\/v2\/pages\/16101\/revisions\/16128"}],"wp:attachment":[{"href":"https:\/\/urbanicahotels.com\/es\/wp-json\/wp\/v2\/media?parent=16101"}],"wp:term":[{"taxonomy":"folder","embeddable":true,"href":"https:\/\/urbanicahotels.com\/es\/wp-json\/wp\/v2\/folder?post=16101"}],"curies":[{"name":"wp","href":"https:\/\/api.w.org\/{rel}","templated":true}]}}